{"id":892,"date":"2024-04-10T14:51:43","date_gmt":"2024-04-10T12:51:43","guid":{"rendered":"https:\/\/lamanocosmetics.com\/home\/"},"modified":"2024-05-13T09:57:56","modified_gmt":"2024-05-13T07:57:56","slug":"home","status":"publish","type":"page","link":"https:\/\/lamanocosmetics.com\/fr\/","title":{"rendered":"Accueil"},"content":{"rendered":"\t\t<div data-elementor-type=\"wp-page\" data-elementor-id=\"892\" class=\"elementor elementor-892 elementor-2\" data-elementor-post-type=\"page\">\n\t\t\t\t<div class=\"elementor-element elementor-element-c4f45b4 e-grid e-con-full e-con e-parent\" data-id=\"c4f45b4\" data-element_type=\"container\" data-settings=\"{&quot;background_background&quot;:&quot;classic&quot;}\">\n\t\t<div class=\"elementor-element elementor-element-b0626b8 e-con-full e-flex e-con e-child\" data-id=\"b0626b8\" data-element_type=\"container\" data-settings=\"{&quot;background_background&quot;:&quot;classic&quot;}\" data-aos=\"fade-right\">\n\t\t\t\t<\/div>\n\t\t<div class=\"elementor-element elementor-element-3369fb8 e-flex e-con-boxed e-con e-child\" data-id=\"3369fb8\" data-element_type=\"container\">\n\t\t\t\t\t<div class=\"e-con-inner\">\n\t\t<div class=\"elementor-element elementor-element-d840270 e-flex e-con-boxed e-con e-child\" data-id=\"d840270\" data-element_type=\"container\" data-aos=\"fade-right\">\n\t\t\t\t\t<div class=\"e-con-inner\">\n\t\t\t\t<div class=\"elementor-element elementor-element-54806bc elementor-absolute elementor-widget elementor-widget-image\" data-id=\"54806bc\" data-element_type=\"widget\" data-settings=\"{&quot;_position&quot;:&quot;absolute&quot;}\" data-widget_type=\"image.default\">\n\t\t\t\t<div class=\"elementor-widget-container\">\n\t\t\t<style>\/*! elementor - v3.21.0 - 08-05-2024 *\/\n.elementor-widget-image{text-align:center}.elementor-widget-image a{display:inline-block}.elementor-widget-image a img[src$=\".svg\"]{width:48px}.elementor-widget-image img{vertical-align:middle;display:inline-block}<\/style>\t\t\t\t\t\t\t\t\t\t<img decoding=\"async\" width=\"104\" height=\"62\" src=\"https:\/\/lamanocosmetics.com\/wp-content\/uploads\/2024\/04\/quote.svg\" class=\"attachment-full size-full wp-image-27\" alt=\"\" \/>\t\t\t\t\t\t\t\t\t\t\t\t\t<\/div>\n\t\t\t\t<\/div>\n\t\t\t\t<div class=\"elementor-element elementor-element-bdbc0dd elementor-widget elementor-widget-heading\" data-id=\"bdbc0dd\" data-element_type=\"widget\" data-widget_type=\"heading.default\">\n\t\t\t\t<div class=\"elementor-widget-container\">\n\t\t\t<style>\/*! elementor - v3.21.0 - 08-05-2024 *\/\n.elementor-heading-title{padding:0;margin:0;line-height:1}.elementor-widget-heading .elementor-heading-title[class*=elementor-size-]>a{color:inherit;font-size:inherit;line-height:inherit}.elementor-widget-heading .elementor-heading-title.elementor-size-small{font-size:15px}.elementor-widget-heading .elementor-heading-title.elementor-size-medium{font-size:19px}.elementor-widget-heading .elementor-heading-title.elementor-size-large{font-size:29px}.elementor-widget-heading .elementor-heading-title.elementor-size-xl{font-size:39px}.elementor-widget-heading .elementor-heading-title.elementor-size-xxl{font-size:59px}<\/style><div class=\"elementor-heading-title elementor-size-default\">Beauty is <br>\nthe illumination <br>\nof the soul<\/div>\t\t<\/div>\n\t\t\t\t<\/div>\n\t\t\t\t\t<\/div>\n\t\t\t\t<\/div>\n\t\t\t\t\t<\/div>\n\t\t\t\t<\/div>\n\t\t\t\t<\/div>\n\t\t<div class=\"elementor-element elementor-element-fe86175 e-con-full e-flex e-con e-parent\" data-id=\"fe86175\" data-element_type=\"container\">\n\t\t<div class=\"elementor-element elementor-element-2c1e85f e-con-full e-flex e-con e-child\" data-id=\"2c1e85f\" data-element_type=\"container\" data-aos=\"fade-right\">\n\t\t\t\t<div class=\"elementor-element elementor-element-ef5061b elementor-widget elementor-widget-heading\" data-id=\"ef5061b\" data-element_type=\"widget\" data-widget_type=\"heading.default\">\n\t\t\t\t<div class=\"elementor-widget-container\">\n\t\t\t<h1 class=\"elementor-heading-title elementor-size-default\">Lamano Cosmetics: <br>\nconseils beaut\u00e9 du haut de gamme<\/h1>\t\t<\/div>\n\t\t\t\t<\/div>\n\t\t\t\t<div class=\"elementor-element elementor-element-b353866 elementor-widget elementor-widget-text-editor\" data-id=\"b353866\" data-element_type=\"widget\" data-widget_type=\"text-editor.default\">\n\t\t\t\t<div class=\"elementor-widget-container\">\n\t\t\t<style>\/*! elementor - v3.21.0 - 08-05-2024 *\/\n.elementor-widget-text-editor.elementor-drop-cap-view-stacked .elementor-drop-cap{background-color:#69727d;color:#fff}.elementor-widget-text-editor.elementor-drop-cap-view-framed .elementor-drop-cap{color:#69727d;border:3px solid;background-color:transparent}.elementor-widget-text-editor:not(.elementor-drop-cap-view-default) .elementor-drop-cap{margin-top:8px}.elementor-widget-text-editor:not(.elementor-drop-cap-view-default) .elementor-drop-cap-letter{width:1em;height:1em}.elementor-widget-text-editor .elementor-drop-cap{float:left;text-align:center;line-height:1;font-size:50px}.elementor-widget-text-editor .elementor-drop-cap-letter{display:inline-block}<\/style>\t\t\t\t<p>Lamano Cosmetics s&rsquo;adresse aux esth\u00e9ticiennes professionnelles, aux pharmaciens et aux dermatologues. Fond\u00e9e en 2017 par Valerie Appelmans et Sam De Pauw, Lamano Cosmetics met en avant la qualit\u00e9, le professionnalisme et une approche personnalis\u00e9e. <br \/>En tant que distributeur d\u2019\u00e9quipements d\u2019am\u00e9lioration de la peau, notamment l&rsquo;appareil d&rsquo;analyse cutan\u00e9e Lightskin\u2122 et le laser d&rsquo;\u00e9pilation CoolSkin\u2122, nous vous offrons des conseils de beaut\u00e9 du haut de gamme afin que vous puissiez \u00e9tablir une relation durable avec vos clients.<\/p><p>Lamano Cosmetics garantit un excellent service technique et un service apr\u00e8s-vente de qualit\u00e9.<\/p><p>Une chose est s\u00fbre : Lamano Cosmetics fait passer vos traitements au niveau sup\u00e9rieur !<\/p>\t\t\t\t\t\t<\/div>\n\t\t\t\t<\/div>\n\t\t\t\t<div class=\"elementor-element elementor-element-8355e5f elementor-widget elementor-widget-button\" data-id=\"8355e5f\" data-element_type=\"widget\" data-widget_type=\"button.default\">\n\t\t\t\t<div class=\"elementor-widget-container\">\n\t\t\t\t\t<div class=\"elementor-button-wrapper\">\n\t\t\t<a class=\"elementor-button elementor-button-link elementor-size-sm\" href=\"https:\/\/lamanocosmetics.com\/fr\/over-lamano\/\">\n\t\t\t\t\t\t<span class=\"elementor-button-content-wrapper\">\n\t\t\t\t\t\t\t\t\t<span class=\"elementor-button-text\">En savoir plus sur Lamano<\/span>\n\t\t\t\t\t<\/span>\n\t\t\t\t\t<\/a>\n\t\t<\/div>\n\t\t\t\t<\/div>\n\t\t\t\t<\/div>\n\t\t\t\t<\/div>\n\t\t<div class=\"elementor-element elementor-element-ad0838f e-con-full e-flex e-con e-child\" data-id=\"ad0838f\" data-element_type=\"container\" data-aos=\"fade-left\">\n\t\t\t\t<div class=\"elementor-element elementor-element-c2a9c16 elementor-widget elementor-widget-image\" data-id=\"c2a9c16\" data-element_type=\"widget\" data-widget_type=\"image.default\">\n\t\t\t\t<div class=\"elementor-widget-container\">\n\t\t\t\t\t\t\t\t\t\t\t\t\t<img fetchpriority=\"high\" decoding=\"async\" width=\"1628\" height=\"1634\" src=\"https:\/\/lamanocosmetics.com\/wp-content\/uploads\/2024\/04\/home-voorstelling.jpg\" class=\"attachment-full size-full wp-image-42\" alt=\"\" srcset=\"https:\/\/lamanocosmetics.com\/wp-content\/uploads\/2024\/04\/home-voorstelling.jpg 1628w, https:\/\/lamanocosmetics.com\/wp-content\/uploads\/2024\/04\/home-voorstelling-300x300.jpg 300w, https:\/\/lamanocosmetics.com\/wp-content\/uploads\/2024\/04\/home-voorstelling-1020x1024.jpg 1020w, https:\/\/lamanocosmetics.com\/wp-content\/uploads\/2024\/04\/home-voorstelling-150x150.jpg 150w, https:\/\/lamanocosmetics.com\/wp-content\/uploads\/2024\/04\/home-voorstelling-768x771.jpg 768w, https:\/\/lamanocosmetics.com\/wp-content\/uploads\/2024\/04\/home-voorstelling-1530x1536.jpg 1530w\" sizes=\"(max-width: 1628px) 100vw, 1628px\" \/>\t\t\t\t\t\t\t\t\t\t\t\t\t<\/div>\n\t\t\t\t<\/div>\n\t\t\t\t<\/div>\n\t\t\t\t<\/div>\n\t\t<div class=\"elementor-element elementor-element-8e38a89 e-con-full e-flex e-con e-parent\" data-id=\"8e38a89\" data-element_type=\"container\">\n\t\t<div class=\"elementor-element elementor-element-d9e651a e-con-full e-flex e-con e-child\" data-id=\"d9e651a\" data-element_type=\"container\" data-aos=\"fade-right\">\n\t\t\t\t<div class=\"elementor-element elementor-element-78237c5 elementor-widget elementor-widget-heading\" data-id=\"78237c5\" data-element_type=\"widget\" data-widget_type=\"heading.default\">\n\t\t\t\t<div class=\"elementor-widget-container\">\n\t\t\t<h2 class=\"elementor-heading-title elementor-size-default\">Nos equipements d\u2019am\u00e9lioration de la peau<\/h2>\t\t<\/div>\n\t\t\t\t<\/div>\n\t\t\t\t<div class=\"elementor-element elementor-element-fa21a4b elementor-widget elementor-widget-text-editor\" data-id=\"fa21a4b\" data-element_type=\"widget\" data-widget_type=\"text-editor.default\">\n\t\t\t\t<div class=\"elementor-widget-container\">\n\t\t\t\t\t\t\t<p>Nous vous proposons non seulement une analyse scientifique de la peau avec l&rsquo;appareil d&rsquo;analyse cutan\u00e9e Lightskin\u2122, mais aussi une \u00e9pilation permanente avec le laser CoolSkin\u2122.<\/p>\t\t\t\t\t\t<\/div>\n\t\t\t\t<\/div>\n\t\t\t\t<\/div>\n\t\t<div class=\"elementor-element elementor-element-1256616 e-con-full elementor-hidden-laptop elementor-hidden-tablet elementor-hidden-mobile e-flex e-con e-child\" data-id=\"1256616\" data-element_type=\"container\">\n\t\t\t\t<\/div>\n\t\t\t\t<\/div>\n\t\t<div class=\"elementor-element elementor-element-23e522f e-con-full e-flex e-con e-parent\" data-id=\"23e522f\" data-element_type=\"container\">\n\t\t<div class=\"elementor-element elementor-element-ea4ec1e e-con-full e-flex e-con e-child\" data-id=\"ea4ec1e\" data-element_type=\"container\" data-aos=\"fade-right\">\n\t\t\t\t<div class=\"elementor-element elementor-element-dab9974 elementor-absolute elementor-hidden-mobile elementor-widget elementor-widget-ucaddon_sideways_vertical_text\" data-id=\"dab9974\" data-element_type=\"widget\" data-settings=\"{&quot;_position&quot;:&quot;absolute&quot;}\" data-widget_type=\"ucaddon_sideways_vertical_text.default\">\n\t\t\t\t<div class=\"elementor-widget-container\">\n\t\t\t\n<!-- start Sideways Vertical Text -->\n<style>\/* widget: Sideways Vertical Text *\/\n\n#uc_sideways_vertical_text_elementor_dab9974\n{\n  writing-mode: vertical-rl;\n  text-orientation: mixed;\n  color:#BABBB1;\n  text-decoration:none;\n  display:flex;\n  justify-content:center;\n  align-items:center;\n  white-space: nowrap;\n  \n  \n\ttransform: rotate(180deg);  \n\t\n\n  \n}\n\n<\/style>\n\n\t\n<div id=\"uc_sideways_vertical_text_elementor_dab9974\" class=\"sideways_vertical_text\">\n\n  \n\n\n    Lightskin\n  \n\n  \n  \n<\/div>\n      \n\n<!-- end Sideways Vertical Text -->\t\t<\/div>\n\t\t\t\t<\/div>\n\t\t\t\t<div class=\"elementor-element elementor-element-310841e elementor-widget elementor-widget-image\" data-id=\"310841e\" data-element_type=\"widget\" data-widget_type=\"image.default\">\n\t\t\t\t<div class=\"elementor-widget-container\">\n\t\t\t\t\t\t\t\t\t\t\t\t\t<img decoding=\"async\" width=\"522\" height=\"152\" src=\"https:\/\/lamanocosmetics.com\/wp-content\/uploads\/2024\/04\/logo-lightskin.png\" class=\"attachment-full size-full wp-image-94\" alt=\"\" srcset=\"https:\/\/lamanocosmetics.com\/wp-content\/uploads\/2024\/04\/logo-lightskin.png 522w, https:\/\/lamanocosmetics.com\/wp-content\/uploads\/2024\/04\/logo-lightskin-300x87.png 300w\" sizes=\"(max-width: 522px) 100vw, 522px\" \/>\t\t\t\t\t\t\t\t\t\t\t\t\t<\/div>\n\t\t\t\t<\/div>\n\t\t\t\t<div class=\"elementor-element elementor-element-371f413 elementor-widget elementor-widget-image\" data-id=\"371f413\" data-element_type=\"widget\" data-widget_type=\"image.default\">\n\t\t\t\t<div class=\"elementor-widget-container\">\n\t\t\t\t\t\t\t\t\t\t\t\t\t<img loading=\"lazy\" decoding=\"async\" width=\"2416\" height=\"978\" src=\"https:\/\/lamanocosmetics.com\/wp-content\/uploads\/2024\/04\/photo-lightskin-home.png\" class=\"attachment-full size-full wp-image-238\" alt=\"\" srcset=\"https:\/\/lamanocosmetics.com\/wp-content\/uploads\/2024\/04\/photo-lightskin-home.png 2416w, https:\/\/lamanocosmetics.com\/wp-content\/uploads\/2024\/04\/photo-lightskin-home-300x121.png 300w, https:\/\/lamanocosmetics.com\/wp-content\/uploads\/2024\/04\/photo-lightskin-home-1024x415.png 1024w, https:\/\/lamanocosmetics.com\/wp-content\/uploads\/2024\/04\/photo-lightskin-home-768x311.png 768w, https:\/\/lamanocosmetics.com\/wp-content\/uploads\/2024\/04\/photo-lightskin-home-1536x622.png 1536w, https:\/\/lamanocosmetics.com\/wp-content\/uploads\/2024\/04\/photo-lightskin-home-2048x829.png 2048w\" sizes=\"(max-width: 2416px) 100vw, 2416px\" \/>\t\t\t\t\t\t\t\t\t\t\t\t\t<\/div>\n\t\t\t\t<\/div>\n\t\t\t\t<\/div>\n\t\t<div class=\"elementor-element elementor-element-d8b6410 e-con-full e-flex e-con e-child\" data-id=\"d8b6410\" data-element_type=\"container\" data-aos=\"fade-left\">\n\t\t\t\t<div class=\"elementor-element elementor-element-3faf9fe elementor-widget elementor-widget-heading\" data-id=\"3faf9fe\" data-element_type=\"widget\" data-widget_type=\"heading.default\">\n\t\t\t\t<div class=\"elementor-widget-container\">\n\t\t\t<h3 class=\"elementor-heading-title elementor-size-default\">L'analyseur cutan\u00e9e Lightskin\u2122<\/h3>\t\t<\/div>\n\t\t\t\t<\/div>\n\t\t\t\t<div class=\"elementor-element elementor-element-66166b6 elementor-widget elementor-widget-text-editor\" data-id=\"66166b6\" data-element_type=\"widget\" data-widget_type=\"text-editor.default\">\n\t\t\t\t<div class=\"elementor-widget-container\">\n\t\t\t\t\t\t\t<p>D\u00e9tecter les probl\u00e8mes de peau avant m\u00eame qu\u2019ils ne deviennent visibles ? Et les \u00e9viter gr\u00e2ce au traitement appropri\u00e9? C&rsquo;est possible avec l&rsquo;appareil d&rsquo;analyse cutan\u00e9e Lightskin\u2122 en seulement 20 secondes. Vous pouvez non seulement voir l\u2019\u00e9tat r\u00e9el des diff\u00e9rentes couches de la peau de votre client, mais cela vous permet \u00e9galement de proposer des traitements de mani\u00e8re tr\u00e8s cibl\u00e9e. Et quoi de mieux pour \u00e9tablir une relation de confiance qu\u2019un r\u00e9sultat visible ?<\/p>\t\t\t\t\t\t<\/div>\n\t\t\t\t<\/div>\n\t\t\t\t<div class=\"elementor-element elementor-element-c25018f elementor-widget elementor-widget-button\" data-id=\"c25018f\" data-element_type=\"widget\" data-widget_type=\"button.default\">\n\t\t\t\t<div class=\"elementor-widget-container\">\n\t\t\t\t\t<div class=\"elementor-button-wrapper\">\n\t\t\t<a class=\"elementor-button elementor-button-link elementor-size-sm\" href=\"https:\/\/lamanocosmetics.com\/fr\/lightskin\/\">\n\t\t\t\t\t\t<span class=\"elementor-button-content-wrapper\">\n\t\t\t\t\t\t\t\t\t<span class=\"elementor-button-text\">En savoir plus sur Lightskin\u2122<\/span>\n\t\t\t\t\t<\/span>\n\t\t\t\t\t<\/a>\n\t\t<\/div>\n\t\t\t\t<\/div>\n\t\t\t\t<\/div>\n\t\t\t\t<\/div>\n\t\t\t\t<\/div>\n\t\t<div class=\"elementor-element elementor-element-22f5b6d e-con-full e-flex e-con e-parent\" data-id=\"22f5b6d\" data-element_type=\"container\">\n\t\t<div class=\"elementor-element elementor-element-50571bf e-con-full e-flex e-con e-child\" data-id=\"50571bf\" data-element_type=\"container\" data-aos=\"fade-right\">\n\t\t\t\t<div class=\"elementor-element elementor-element-e233dd6 elementor-widget elementor-widget-heading\" data-id=\"e233dd6\" data-element_type=\"widget\" data-widget_type=\"heading.default\">\n\t\t\t\t<div class=\"elementor-widget-container\">\n\t\t\t<h3 class=\"elementor-heading-title elementor-size-default\">Le laser Coolskin\u2122 Triple Wave Diode Ice<\/h3>\t\t<\/div>\n\t\t\t\t<\/div>\n\t\t\t\t<div class=\"elementor-element elementor-element-0f73df7 elementor-widget elementor-widget-text-editor\" data-id=\"0f73df7\" data-element_type=\"widget\" data-widget_type=\"text-editor.default\">\n\t\t\t\t<div class=\"elementor-widget-container\">\n\t\t\t\t\t\t\t<p>Rapide, indolore et d\u00e9finitivement une peau lisse et douce. C&rsquo;est possible gr\u00e2ce \u00e0 notre laser Coolskin Triple Wave Diode Ice, notre derni\u00e8re g\u00e9n\u00e9ration de laser d\u2019\u00e9pilation ! Le laser est con\u00e7u pour<br \/>\u00e9liminer les poils ind\u00e9sirables de mani\u00e8re confortable, s\u00fbre, rapide et totalement indolore, avec un r\u00e9sultat d\u00e9finitif.<\/p>\t\t\t\t\t\t<\/div>\n\t\t\t\t<\/div>\n\t\t\t\t<div class=\"elementor-element elementor-element-8a93f4c elementor-widget elementor-widget-button\" data-id=\"8a93f4c\" data-element_type=\"widget\" data-widget_type=\"button.default\">\n\t\t\t\t<div class=\"elementor-widget-container\">\n\t\t\t\t\t<div class=\"elementor-button-wrapper\">\n\t\t\t<a class=\"elementor-button elementor-button-link elementor-size-sm\" href=\"https:\/\/lamanocosmetics.com\/fr\/coolskin\/\">\n\t\t\t\t\t\t<span class=\"elementor-button-content-wrapper\">\n\t\t\t\t\t\t\t\t\t<span class=\"elementor-button-text\">En savoir plus sur Coolskin\u2122<\/span>\n\t\t\t\t\t<\/span>\n\t\t\t\t\t<\/a>\n\t\t<\/div>\n\t\t\t\t<\/div>\n\t\t\t\t<\/div>\n\t\t\t\t<\/div>\n\t\t<div class=\"elementor-element elementor-element-973cf76 e-con-full e-flex e-con e-child\" data-id=\"973cf76\" data-element_type=\"container\" data-aos=\"fade-left\">\n\t\t\t\t<div class=\"elementor-element elementor-element-e0e256a elementor-absolute elementor-hidden-mobile elementor-widget__width-initial elementor-widget elementor-widget-ucaddon_sideways_vertical_text\" data-id=\"e0e256a\" data-element_type=\"widget\" data-settings=\"{&quot;_position&quot;:&quot;absolute&quot;}\" data-widget_type=\"ucaddon_sideways_vertical_text.default\">\n\t\t\t\t<div class=\"elementor-widget-container\">\n\t\t\t\n<!-- start Sideways Vertical Text -->\n<style>\/* widget: Sideways Vertical Text *\/\n\n#uc_sideways_vertical_text_elementor_e0e256a\n{\n  writing-mode: vertical-rl;\n  text-orientation: mixed;\n  color:#BABBB1;\n  text-decoration:none;\n  display:flex;\n  justify-content:center;\n  align-items:center;\n  white-space: nowrap;\n  \n  \n\ttransform: rotate(180deg);  \n\t\n\n  \n}\n\n<\/style>\n\n\t\n<div id=\"uc_sideways_vertical_text_elementor_e0e256a\" class=\"sideways_vertical_text\">\n\n  \n\n\n    Coolskin\n  \n\n  \n  \n<\/div>\n      \n\n<!-- end Sideways Vertical Text -->\t\t<\/div>\n\t\t\t\t<\/div>\n\t\t\t\t<div class=\"elementor-element elementor-element-a99dfdb elementor-widget elementor-widget-image\" data-id=\"a99dfdb\" data-element_type=\"widget\" data-widget_type=\"image.default\">\n\t\t\t\t<div class=\"elementor-widget-container\">\n\t\t\t\t\t\t\t\t\t\t\t\t\t<img loading=\"lazy\" decoding=\"async\" width=\"500\" height=\"146\" src=\"https:\/\/lamanocosmetics.com\/wp-content\/uploads\/2024\/04\/logo-coolskin.png\" class=\"attachment-full size-full wp-image-93\" alt=\"\" srcset=\"https:\/\/lamanocosmetics.com\/wp-content\/uploads\/2024\/04\/logo-coolskin.png 500w, https:\/\/lamanocosmetics.com\/wp-content\/uploads\/2024\/04\/logo-coolskin-300x88.png 300w\" sizes=\"(max-width: 500px) 100vw, 500px\" \/>\t\t\t\t\t\t\t\t\t\t\t\t\t<\/div>\n\t\t\t\t<\/div>\n\t\t\t\t<div class=\"elementor-element elementor-element-02effa9 elementor-widget elementor-widget-image\" data-id=\"02effa9\" data-element_type=\"widget\" data-widget_type=\"image.default\">\n\t\t\t\t<div class=\"elementor-widget-container\">\n\t\t\t\t\t\t\t\t\t\t\t\t\t<img loading=\"lazy\" decoding=\"async\" width=\"2820\" height=\"1717\" src=\"https:\/\/lamanocosmetics.com\/wp-content\/uploads\/2024\/04\/photo-coolskin-home.png\" class=\"attachment-full size-full wp-image-210\" alt=\"\" srcset=\"https:\/\/lamanocosmetics.com\/wp-content\/uploads\/2024\/04\/photo-coolskin-home.png 2820w, https:\/\/lamanocosmetics.com\/wp-content\/uploads\/2024\/04\/photo-coolskin-home-300x183.png 300w, https:\/\/lamanocosmetics.com\/wp-content\/uploads\/2024\/04\/photo-coolskin-home-1024x623.png 1024w, https:\/\/lamanocosmetics.com\/wp-content\/uploads\/2024\/04\/photo-coolskin-home-768x468.png 768w, https:\/\/lamanocosmetics.com\/wp-content\/uploads\/2024\/04\/photo-coolskin-home-1536x935.png 1536w, https:\/\/lamanocosmetics.com\/wp-content\/uploads\/2024\/04\/photo-coolskin-home-2048x1247.png 2048w\" sizes=\"(max-width: 2820px) 100vw, 2820px\" \/>\t\t\t\t\t\t\t\t\t\t\t\t\t<\/div>\n\t\t\t\t<\/div>\n\t\t\t\t<\/div>\n\t\t\t\t<\/div>\n\t\t\t\t<\/div>\n\t\t","protected":false},"excerpt":{"rendered":"<p>Beauty is the illumination of the soul Lamano Cosmetics: conseils beaut\u00e9 du haut de gamme Lamano Cosmetics s&rsquo;adresse aux esth\u00e9ticiennes professionnelles, aux pharmaciens et aux dermatologues. Fond\u00e9e en 2017 par Valerie Appelmans et Sam De Pauw, Lamano Cosmetics met en avant la qualit\u00e9, le professionnalisme et une approche personnalis\u00e9e. En tant que distributeur d\u2019\u00e9quipements d\u2019am\u00e9lioration [&hellip;]<\/p>\n","protected":false},"author":1,"featured_media":0,"parent":0,"menu_order":0,"comment_status":"closed","ping_status":"closed","template":"","meta":{"footnotes":""},"class_list":["post-892","page","type-page","status-publish","hentry"],"_links":{"self":[{"href":"https:\/\/lamanocosmetics.com\/fr\/wp-json\/wp\/v2\/pages\/892","targetHints":{"allow":["GET"]}}],"collection":[{"href":"https:\/\/lamanocosmetics.com\/fr\/wp-json\/wp\/v2\/pages"}],"about":[{"href":"https:\/\/lamanocosmetics.com\/fr\/wp-json\/wp\/v2\/types\/page"}],"author":[{"embeddable":true,"href":"https:\/\/lamanocosmetics.com\/fr\/wp-json\/wp\/v2\/users\/1"}],"replies":[{"embeddable":true,"href":"https:\/\/lamanocosmetics.com\/fr\/wp-json\/wp\/v2\/comments?post=892"}],"version-history":[{"count":5,"href":"https:\/\/lamanocosmetics.com\/fr\/wp-json\/wp\/v2\/pages\/892\/revisions"}],"predecessor-version":[{"id":938,"href":"https:\/\/lamanocosmetics.com\/fr\/wp-json\/wp\/v2\/pages\/892\/revisions\/938"}],"wp:attachment":[{"href":"https:\/\/lamanocosmetics.com\/fr\/wp-json\/wp\/v2\/media?parent=892"}],"curies":[{"name":"wp","href":"https:\/\/api.w.org\/{rel}","templated":true}]}}